{"id":16,"date":"2026-01-16T17:19:40","date_gmt":"2026-01-16T17:19:40","guid":{"rendered":"https:\/\/salavinilo.com\/?page_id=16"},"modified":"2026-01-24T17:47:59","modified_gmt":"2026-01-24T17:47:59","slug":"info-sala","status":"publish","type":"page","link":"https:\/\/salavinilo.com\/?page_id=16","title":{"rendered":"Info Sala"},"content":{"rendered":"\n<h5 class=\"wp-block-heading\"><strong>INFO SALA<\/strong><\/h5>\n\n\n\n<p><strong>Direcci\u00f3n:&nbsp;<\/strong>\ud835\ude0a\/ \ud835\ude0a\u00f2rdova 40, 08226 Terrassa.<\/p>\n\n\n\n<p><strong>Horario de apertura<\/strong><\/p>\n\n\n\n<p>Sesiones o conciertos s\u00e1bados a partir de las 18:00 hasta las 24:00<\/p>\n\n\n\n<p>Consultar la programaci\u00f3n para m\u00e1s informaci\u00f3n y alteraciones en los horarios.<\/p>\n\n\n\n<p>Sesiones de discoteca horario de apertura sabados de 24:00 a 6:00 y domingos de 18:00 a 24:00<\/p>\n\n\n\n<p>Los conciertos comienzan aproximadamente 30 minutos antes del evento.<\/p>\n\n\n\n<p class=\"has-black-color has-text-color has-link-color wp-elements-0e4a1d515ba8b910e369c48799393054\">Consulta toda nuestra programaci\u00f3n&nbsp;<strong><a href=\"https:\/\/salavinilo.com\" target=\"_blank\" rel=\"noreferrer noopener\">AQU\u00cd<\/a><\/strong><\/p>\n\n\n\n<p><strong>Acceso para personas con movilidad reducida.<\/strong><\/p>\n\n\n\n<p>Nuestra sala est\u00e1 habilitada para personas con movilidad reducida, tambi\u00e9n disponemos de una plataforma en la puerta principal para facilitar el acceso de sillas que se pueden solicitar, el mismo d\u00eda del evento,&nbsp; al personal de seguridad que encontrar\u00e1s en la puerta de la sala.<\/p>\n\n\n\n<p><strong>Venta de Entradas<\/strong><\/p>\n\n\n\n<p>Nuestra plataforma de&nbsp;<strong>venta de punto f\u00edsico&nbsp;<\/strong>de entradas en <\/p>\n\n\n\n<p class=\"has-black-color has-text-color has-link-color wp-elements-30fdd7645ad5780b33e9995e36876f3a\">El Nou 101&nbsp;<strong><a href=\"http:\/\/www.codetickets.com\/salarasa64\" target=\"_blank\" rel=\"noreferrer noopener\">nou101.com<\/a><\/strong> <\/p>\n\n\n\n<p>Crer. de Granada 101, Terrassa (850m de la sala).<\/p>\n\n\n\n<p><strong>Los puntos oficiales de venta online ser\u00edan desde el enlace facilitado desde esta misma web.<\/strong><\/p>\n\n\n\n<p><strong>Cancelaci\u00f3n<\/strong><\/p>\n\n\n\n<p>En caso de cancelaci\u00f3n de un concierto, las entradas compradas en Internet ser\u00e1n reembolsadas autom\u00e1ticamente por la plataforma de venta online.<\/p>\n\n\n\n<p class=\"has-black-color has-text-color has-link-color wp-elements-5d90807359a2b10fcb46fa65cbe58760\">Para cualquier otra consulta referente a la venta de entradas, devoluci\u00f3n o contrataci\u00f3n de conciertos pueden dirigirse a nosotros escribiendo un correo a&nbsp;<strong><a href=\"mailto:info@salavinilo.com\" target=\"_blank\" rel=\"noreferrer noopener\">info@salavinilo.com<\/a><\/strong><\/p>\n\n\n\n<p><strong>Guardarrop\u00eda<\/strong><\/p>\n\n\n\n<p>Disponemos de guardarrop\u00eda que empieza a funcionar cuando se abren las puertas de la sala.<\/p>\n\n\n\n<p>El coste del servicio es de 2\u20ac&nbsp; por pieza que se debe abonar en efectivo. Se guardan bolsos y prendas de ropa. Es obligatorio dejar all\u00ed las maletas, cascos y skates, que no se podr\u00e1n entrar en la sala.<\/p>\n\n\n\n<p>A tener en cuenta:<\/p>\n\n\n\n<ul class=\"wp-block-list\">\n<li>En caso de p\u00e9rdida del resguardo, se tendr\u00e1 que esperar a que se hayan entregado todas las prendas.<\/li>\n\n\n\n<li>La sala no se hace responsable de los objetos depositados en las prendas o en los bolsos.<\/li>\n\n\n\n<li>Se permite una \u00fanica pieza por perchero.<\/li>\n<\/ul>\n\n\n\n<p><strong>Menores en los conciertos<\/strong><\/p>\n\n\n\n<p>La edad m\u00ednima para entrar a un concierto es de 16 a\u00f1os. Los menores de 16 a\u00f1os podr\u00e1n entrar acompa\u00f1ados por su padre, madre o tutor\/a legal o por otro adulto, siempre y cuando lleven firmada la siguiente autorizaci\u00f3n.<\/p>\n\n\n\n<p class=\"has-black-color has-text-color has-link-color wp-elements-5addc894b31278054e6cd00b85b6ea52\"><strong>Descarga la<\/strong>&nbsp;<strong><a href=\"https:\/\/salavinilo.com\/wp-content\/uploads\/2026\/01\/Autorizacion-menores-salavinilo.pdf\" data-type=\"link\" data-id=\"https:\/\/salavinilo.com\/wp-content\/uploads\/2026\/01\/Autorizacion-menores-salavinilo.pdf\" target=\"_blank\" rel=\"noreferrer noopener\">AUTORIZACI\u00d3N DE MENORES<\/a><\/strong><\/p>\n\n\n\n<p>La edad m\u00ednima para entrar en una sesi\u00f3n de club es de 21 a\u00f1os, a partir de las 00h.<\/p>\n\n\n\n<p>Para cualquier otra consulta puede ponerse en contacto con nosotros escribiendo un correo a info@salavinilo.com<\/p>\n","protected":false},"excerpt":{"rendered":"<p>INFO SALA Direcci\u00f3n:&nbsp;\ud835\ude0a\/ \ud835\ude0a\u00f2rdova 40, 08226 Terrassa. Horario de apertura Sesiones o conciertos s\u00e1bados a partir de las 18:00 hasta las 24:00 Consultar la programaci\u00f3n para m\u00e1s informaci\u00f3n y alteraciones en los horarios. Sesiones de discoteca horario de apertura sabados de 24:00 a 6:00 y domingos de 18:00 a 24:00 Los conciertos comienzan aproximadamente 30 [&hellip;]<\/p>\n","protected":false},"author":1,"featured_media":0,"parent":0,"menu_order":0,"comment_status":"closed","ping_status":"closed","template":"","meta":{"footnotes":""},"class_list":["post-16","page","type-page","status-publish","hentry"],"_links":{"self":[{"href":"https:\/\/salavinilo.com\/index.php?rest_route=\/wp\/v2\/pages\/16","targetHints":{"allow":["GET"]}}],"collection":[{"href":"https:\/\/salavinilo.com\/index.php?rest_route=\/wp\/v2\/pages"}],"about":[{"href":"https:\/\/salavinilo.com\/index.php?rest_route=\/wp\/v2\/types\/page"}],"author":[{"embeddable":true,"href":"https:\/\/salavinilo.com\/index.php?rest_route=\/wp\/v2\/users\/1"}],"replies":[{"embeddable":true,"href":"https:\/\/salavinilo.com\/index.php?rest_route=%2Fwp%2Fv2%2Fcomments&post=16"}],"version-history":[{"count":7,"href":"https:\/\/salavinilo.com\/index.php?rest_route=\/wp\/v2\/pages\/16\/revisions"}],"predecessor-version":[{"id":85,"href":"https:\/\/salavinilo.com\/index.php?rest_route=\/wp\/v2\/pages\/16\/revisions\/85"}],"wp:attachment":[{"href":"https:\/\/salavinilo.com\/index.php?rest_route=%2Fwp%2Fv2%2Fmedia&parent=16"}],"curies":[{"name":"wp","href":"https:\/\/api.w.org\/{rel}","templated":true}]}}