{"id":171,"date":"2026-03-29T07:32:37","date_gmt":"2026-03-29T07:32:37","guid":{"rendered":"https:\/\/salavinilo.com\/?page_id=171"},"modified":"2026-03-29T07:32:37","modified_gmt":"2026-03-29T07:32:37","slug":"terminos-y-condiciones","status":"publish","type":"page","link":"https:\/\/salavinilo.com\/?page_id=171","title":{"rendered":"TERMINOS Y CONDICIONES"},"content":{"rendered":"\n<p><\/p>\n\n\n\n<p>Queda prohibida la entrada y permanencia en nuestros eventos a esas personas que no tengan la edad m\u00ednima especificada en cada evento. La edad m\u00ednima puede variar dependiendo del evento y se especifica en la propia p\u00e1gina del evento.&nbsp;<\/p>\n\n\n\n<p>El usuario declara que es mayor de edad (mayor de 18 a\u00f1os) y dispone de capacidad legal necesaria para contratar los servicios ofertados en esta web, de acuerdo con las condiciones m\u00e1s abajo desglosadas, las cuales declara comprender y aceptar.<\/p>\n\n\n\n<p>El usuario es el responsable de facilitar sus datos correctamente en los procesos de compra establecidos en esta web, debiendo prestar especial atenci\u00f3n en cuanto a la introducci\u00f3n de los datos bancarios y de car\u00e1cter personal.<\/p>\n\n\n\n<p>Las compras que realices en esta web, pueden generar gastos de gesti\u00f3n por entrada\/reserva, pero todas se especificar\u00e1n antes de que se finalice el proceso de pago.<\/p>\n\n\n\n<p>Si has comprado una entrada\/reserva o varias entradas\/reservas, no tendr\u00e1s derecho a anular su compra ni exigir su devoluci\u00f3n u otra indemnizaci\u00f3n.<\/p>\n\n\n\n<p>Una vez adquirida esta entrada\/reserva, \u00fanicamente se devolver\u00e1 su importe en caso de cancelaci\u00f3n por parte de la organizaci\u00f3n.<\/p>\n\n\n\n<p>Cualquier entrada\/reserva que nos compres seguir\u00e1 siendo de nuestra propiedad, siendo una licencia personal revocable que podr\u00e1 retirarse, deneg\u00e1ndose la admisi\u00f3n en cualquier momento.<\/p>\n\n\n\n<p>Los portadores de entradas dan su consentimiento a la grabaci\u00f3n de v\u00eddeo y de sonido como parte del p\u00fablico, y las im\u00e1genes podr\u00e1n ser utilizadas para su publicaci\u00f3n en redes sociales como resumen de los eventos o para promocionar eventos actuales o futuros de Events dels 80 SL.<\/p>\n","protected":false},"excerpt":{"rendered":"<p>Queda prohibida la entrada y permanencia en nuestros eventos a esas personas que no tengan la edad m\u00ednima especificada en cada evento. La edad m\u00ednima puede variar dependiendo del evento y se especifica en la propia p\u00e1gina del evento.&nbsp; El usuario declara que es mayor de edad (mayor de 18 a\u00f1os) y dispone de capacidad [&hellip;]<\/p>\n","protected":false},"author":2,"featured_media":0,"parent":0,"menu_order":0,"comment_status":"closed","ping_status":"closed","template":"","meta":{"footnotes":""},"class_list":["post-171","page","type-page","status-publish","hentry"],"_links":{"self":[{"href":"https:\/\/salavinilo.com\/index.php?rest_route=\/wp\/v2\/pages\/171","targetHints":{"allow":["GET"]}}],"collection":[{"href":"https:\/\/salavinilo.com\/index.php?rest_route=\/wp\/v2\/pages"}],"about":[{"href":"https:\/\/salavinilo.com\/index.php?rest_route=\/wp\/v2\/types\/page"}],"author":[{"embeddable":true,"href":"https:\/\/salavinilo.com\/index.php?rest_route=\/wp\/v2\/users\/2"}],"replies":[{"embeddable":true,"href":"https:\/\/salavinilo.com\/index.php?rest_route=%2Fwp%2Fv2%2Fcomments&post=171"}],"version-history":[{"count":1,"href":"https:\/\/salavinilo.com\/index.php?rest_route=\/wp\/v2\/pages\/171\/revisions"}],"predecessor-version":[{"id":172,"href":"https:\/\/salavinilo.com\/index.php?rest_route=\/wp\/v2\/pages\/171\/revisions\/172"}],"wp:attachment":[{"href":"https:\/\/salavinilo.com\/index.php?rest_route=%2Fwp%2Fv2%2Fmedia&parent=171"}],"curies":[{"name":"wp","href":"https:\/\/api.w.org\/{rel}","templated":true}]}}